{"id":9,"date":"2013-09-18T15:37:54","date_gmt":"2013-09-18T15:37:54","guid":{"rendered":"http:\/\/neuerordner.hannestruejen.de\/?page_id=9"},"modified":"2020-10-28T11:07:59","modified_gmt":"2020-10-28T11:07:59","slug":"impressum","status":"publish","type":"page","link":"http:\/\/neuerordner.hannestruejen.de\/?page_id=9","title":{"rendered":"Impressum"},"content":{"rendered":"<p>&nbsp;<\/p>\n<p>Hannes Tr\u00fcjen<br \/>\nNordbahnhofstra\u00dfe 77<br \/>\n70191 Stuttgart<\/p>\n<p>+49 (0) 711 22 00 637<br \/>\n<a title=\"Mailprogramm \u00f6ffnen\" href=\"mailto:nachricht@hannestruejen.de\">\u00a0Nachricht an Hannes Tr\u00fcjen<\/a><\/p>\n<p>Inhaltlich Verantwortlicher gem\u00e4\u00df \u00a75 TMG: Hannes Tr\u00fcjen<br \/>\nSteuernummer:\u00a097386\/48814<\/p>\n<div>\n<h2>Haftungsausschluss<\/h2>\n<p>Wir nehmen den Schutz Ihrer pers\u00f6nlichen Daten sehr ernst und halten uns an die Regeln der Datenschutzgesetze. Personenbezogene Daten werden auf dieser Webseite nur im technisch notwendigen Umfang erhoben. In keinem Fall werden die erhobenen Daten verkauft oder aus anderen Gr\u00fcnden an Dritte weitergegeben.<\/p>\n<p>Die nachfolgende Erkl\u00e4rung gibt Ihnen einen \u00dcberblick dar\u00fcber, wie wir diesen Schutz gew\u00e4hrleisten und welche Art von Daten zu welchem Zweck erhoben werden.<\/p>\n<h2>Datenverarbeitung auf dieser Internetseite<\/h2>\n<p>Wir erheben und speichern automatisch Server-Logfile-Informationen, die Ihr Browser an uns \u00fcbermittelt. Dies sind: Browsertyp\/-version, verwendetes Betriebssystem, Referrer-URL (die zuvor besuchte Seite) und die Uhrzeit der Serveranfrage.<br \/>\nDiese Daten sind f\u00fcr uns nicht bestimmten Personen zuordenbar. Eine Zusammenf\u00fchrung dieser Daten mit anderen Datenquellen wird nicht vorgenommen, die Daten werden zudem nach einer statistischen Auswertung gel\u00f6scht.<\/p>\n<h2>Cookies<\/h2>\n<p>Die Internetseiten verwenden an mehreren Stellen so genannte Cookies. Sie dienen dazu, unser Angebot nutzerfreundlicher, effektiver und sicherer zu machen. Cookies sind kleine Textdateien, die auf Ihrem Rechner abgelegt werden und die Ihr Browser speichert. Die meisten der von uns verwendeten Cookies sind so genannte \u201eSession-Cookies\u201c. Sie werden nach Ende Ihres Besuchs automatisch gel\u00f6scht. Cookies richten auf Ihrem Rechner keinen Schaden an und enthalten keine Viren.<\/p>\n<h2>Formulare und E-Mails<\/h2>\n<p>Informationen werden erfasst und gespeichert, die Sie auf dieser Website eingeben oder dem Betreiber in sonstiger Weise \u00fcbermitteln. Das betrifft etwa Mitteilungen, Namen, Email-Adressen, URLs und sonstige Adressangaben, die Sie in die entsprechenden Felder des Formulars auf dieser Website eintragen. Diese Angaben geschehen freiwillig und werden in keiner Weise \u00fcberpr\u00fcft. Die Verwendung von Pseudonymen etc. ist m\u00f6glich.<\/p>\n<h2>Auskunftsrecht<\/h2>\n<p>Sie haben jederzeit das Recht auf Auskunft \u00fcber die bez\u00fcglich Ihrer Person gespeicherten Daten, deren Herkunft und Empf\u00e4nger sowie den Zweck der Speicherung. Wenn Sie weitere Fragen zur Behandlung Ihrer Daten haben, dann nehmen Sie bitte Kontakt mit dem Betreiber der Website auf.<\/p>\n<h2>Informationen zu Google Analytics<\/h2>\n<p>Diese Website benutzt Google Analytics, einen Webanalysedienst der Google Inc. (\u201eGoogle\u201c) Google Analytics verwendet sog. \u201eCookies\u201c, Textdateien, die auf Ihrem Computer gespeichert werden und die eine Analyse der Benutzung der Website durch Sie erm\u00f6glicht. Die durch den Cookie erzeugten Informationen \u00fcber Ihre Benutzung diese Website (einschlie\u00dflich Ihrer IP-Adresse) wird an einen Server von Google in den USA \u00fcbertragen und dort gespeichert. Google wird diese Informationen benutzen, um Ihre Nutzung der Website auszuwerten, um Reports \u00fcber die Websiteaktivit\u00e4ten f\u00fcr die Websitebetreiber zusammenzustellen und um weitere mit der Websitenutzung und der Internetnutzung verbundene Dienstleistungen zu erbringen. Auch wird Google diese Informationen gegebenenfalls an Dritte \u00fcbertragen, sofern dies gesetzlich vorgeschrieben oder soweit Dritte diese Daten im Auftrag von Google verarbeiten. Google wird in keinem Fall Ihre IP-Adresse mit anderen Daten der Google in Verbindung bringen. Sie k\u00f6nnen die Installation der Cookies durch eine entsprechende Einstellung Ihrer Browser Software verhindern; wir weisen Sie jedoch darauf hin, dass Sie in diesem Fall gegebenenfalls nicht s\u00e4mtliche Funktionen dieser Website voll umf\u00e4nglich nutzen k\u00f6nnen. Durch die Nutzung dieser Website erkl\u00e4ren Sie sich mit der Bearbeitung der \u00fcber Sie erhobenen Daten durch Google in der zuvor beschriebenen Art und Weise und zu dem zuvor benannten Zweck einverstanden.<\/p>\n<\/div>\n","protected":false},"excerpt":{"rendered":"<p>&nbsp; Hannes Tr\u00fcjen Nordbahnhofstra\u00dfe 77 70191 Stuttgart +49 (0) 711 22 00 637 \u00a0Nachricht an Hannes Tr\u00fcjen Inhaltlich Verantwortlicher gem\u00e4\u00df \u00a75 TMG: Hannes Tr\u00fcjen Steuernummer:\u00a097386\/48814 Haftungsausschluss Wir nehmen den Schutz Ihrer pers\u00f6nlichen Daten sehr ernst und halten uns an die Regeln der Datenschutzgesetze. Personenbezogene Daten werden auf dieser Webseite nur im technisch notwendigen Umfang erhoben. [&hellip;]<\/p>\n","protected":false},"author":2,"featured_media":0,"parent":0,"menu_order":0,"comment_status":"open","ping_status":"open","template":"","meta":{"_et_pb_use_builder":"","_et_pb_old_content":"","_et_gb_content_width":""},"_links":{"self":[{"href":"http:\/\/neuerordner.hannestruejen.de\/index.php?rest_route=\/wp\/v2\/pages\/9"}],"collection":[{"href":"http:\/\/neuerordner.hannestruejen.de\/index.php?rest_route=\/wp\/v2\/pages"}],"about":[{"href":"http:\/\/neuerordner.hannestruejen.de\/index.php?rest_route=\/wp\/v2\/types\/page"}],"author":[{"embeddable":true,"href":"http:\/\/neuerordner.hannestruejen.de\/index.php?rest_route=\/wp\/v2\/users\/2"}],"replies":[{"embeddable":true,"href":"http:\/\/neuerordner.hannestruejen.de\/index.php?rest_route=%2Fwp%2Fv2%2Fcomments&post=9"}],"version-history":[{"count":1,"href":"http:\/\/neuerordner.hannestruejen.de\/index.php?rest_route=\/wp\/v2\/pages\/9\/revisions"}],"predecessor-version":[{"id":181,"href":"http:\/\/neuerordner.hannestruejen.de\/index.php?rest_route=\/wp\/v2\/pages\/9\/revisions\/181"}],"wp:attachment":[{"href":"http:\/\/neuerordner.hannestruejen.de\/index.php?rest_route=%2Fwp%2Fv2%2Fmedia&parent=9"}],"curies":[{"name":"wp","href":"https:\/\/api.w.org\/{rel}","templated":true}]}}